{"id":426,"date":"2016-01-19T01:27:08","date_gmt":"2016-01-19T00:27:08","guid":{"rendered":"https:\/\/auberge-communale-yens.ch\/vos-hotes\/?lang=de"},"modified":"2022-02-02T09:31:43","modified_gmt":"2022-02-02T08:31:43","slug":"restaurant-gastronomique-proche-aubonne","status":"publish","type":"page","link":"https:\/\/auberge-communale-yens.ch\/de\/restaurant-gastronomique-proche-aubonne\/","title":{"rendered":"VOS HOTES"},"content":{"rendered":"<div class=\"wpb-content-wrapper\">[mk_page_section bg_image=&#8220;https:\/\/auberge-communale-yens.ch\/wp-content\/uploads\/2016\/01\/restaurant-gastronomique-morges.jpg&#8220; attachment=&#8220;fixed&#8220; bg_position=&#8220;center center&#8220; bg_repeat=&#8220;no-repeat&#8220; bg_stretch=&#8220;true&#8220; top_shadow=&#8220;true&#8220; min_height=&#8220;500&#8243; full_height=&#8220;true&#8220; sidebar=&#8220;sidebar-1&#8243;][vc_column][mk_padding_divider size=&#8220;150&#8243;][vc_row_inner css=&#8220;.vc_custom_1453803801397{background-color: #faebdc !important;}&#8220;][vc_column_inner width=&#8220;1\/6&#8243; css=&#8220;.vc_custom_1453803764370{background-color: #faebdc !important;}&#8220;][\/vc_column_inner][vc_column_inner width=&#8220;2\/3&#8243; css=&#8220;.vc_custom_1453803696853{background-color: #faebdc !important;}&#8220;][mk_fancy_title color=&#8220;#7d6150&#8243; size=&#8220;36&#8243; margin_top=&#8220;80&#8243; margin_bottom=&#8220;50&#8243; font_family=&#8220;none&#8220; align=&#8220;center&#8220;]VOS H\u00d4TES[\/mk_fancy_title][mk_padding_divider size=&#8220;20&#8243;][vc_single_image image=&#8220;1453&#8243; img_size=&#8220;600 \u00d7400&#8243; alignment=&#8220;center&#8220; style=&#8220;vc_box_shadow_border&#8220;][mk_fancy_title color=&#8220;#7d6150&#8243; size=&#8220;18&#8243; font_weight=&#8220;bold&#8220; font_family=&#8220;none&#8220;]Vos H\u00f4tes\u00a0:[\/mk_fancy_title][mk_fancy_title color=&#8220;#000000&#8243; size=&#8220;16&#8243; font_family=&#8220;none&#8220; align=&#8220;center&#8220;]\n<p style=\"text-align: justify;\">Vos h\u00f4tes Claudia et Olivier Hiernard sont arriv\u00e9s \u00e0 Yens en 2012, en provenance du Noirmont o\u00f9 ils ont travaill\u00e9 pour le Chef Georges Wenger durant 4 ans.<\/p>\n<p style=\"text-align: justify;\">Claudia est originaire d\u2019Aarau et Olivier est Champenois, leur parcours les a men\u00e9s de Verbier \u00e0 Zermatt, d\u2019Espagne en Irlande puis aussi Fribourg o\u00f9 ils ont travaill\u00e9 respectivement pour Pierrot Ayer et Alain B\u00e4chler.<\/p>\n<p style=\"text-align: justify;\">Ce parcours jalonn\u00e9 de jolis \u00e9tablissements leur a permis d\u2019acqu\u00e9rir le sens de la rigueur et de l\u2019accueil qu&#8217;ils mettent maintenant en application dans leur restaurant.<\/p>\n[\/mk_fancy_title][mk_fancy_title color=&#8220;#7d6150&#8243; size=&#8220;18&#8243; font_weight=&#8220;bold&#8220; font_family=&#8220;none&#8220;]L\u2019Auberge\u00a0:[\/mk_fancy_title][mk_fancy_title color=&#8220;#000000&#8243; size=&#8220;16&#8243; font_family=&#8220;none&#8220; align=&#8220;center&#8220;]\n<p style=\"text-align: justify;\">Charmante petite auberge situ\u00e9e \u00e0 Yens, village surplombant le L\u00e9man et offrant les Alpes en panorama, \u00e0 seulement quelques kilom\u00e8tres de Morges et de l\u2019autoroute, au c\u0153ur du vignoble de la C\u00f4te.<\/p>\n<p style=\"text-align: justify;\">L\u2019\u00e9tablissement se compose d&#8217;une partie bistrot, o\u00f9 une ardoise propose des mets de brasserie ainsi qu\u2019un menu du jour confectionn\u00e9 \u00e0 partir de produits frais et de qualit\u00e9.<\/p>\n<p style=\"text-align: justify;\">D\u2019un autre c\u00f4t\u00e9, la salle \u00e0 manger offre un cadre plus intimiste et propose une cuisine raffin\u00e9e et cr\u00e9ative d\u2019inspiration fran\u00e7aise, sans oublier les produits de la r\u00e9gion.<\/p>\n[\/mk_fancy_title][mk_padding_divider size=&#8220;50&#8243;][\/vc_column_inner][vc_column_inner width=&#8220;1\/6&#8243;][\/vc_column_inner][\/vc_row_inner][mk_padding_divider size=&#8220;100&#8243;][\/vc_column][\/mk_page_section]\n<\/div>","protected":false},"excerpt":{"rendered":"<p>[mk_page_section bg_image=&#8220;https:\/\/auberge-communale-yens.ch\/wp-content\/uploads\/2016\/01\/restaurant-gastronomique-morges.jpg&#8220; attachment=&#8220;fixed&#8220; bg_position=&#8220;center center&#8220; bg_repeat=&#8220;no-repeat&#8220; bg_stretch=&#8220;true&#8220; top_shadow=&#8220;true&#8220; min_height=&#8220;500&#8243; full_height=&#8220;true&#8220; sidebar=&#8220;sidebar-1&#8243;][vc_column][mk_padding_divider size=&#8220;150&#8243;][vc_row_inner css=&#8220;.vc_custom_1453803801397{background-color: #faebdc !important;}&#8220;][vc_column_inner width=&#8220;1\/6&#8243; css=&#8220;.vc_custom_1453803764370{background-color: #faebdc !important;}&#8220;][\/vc_column_inner][vc_column_inner width=&#8220;2\/3&#8243; css=&#8220;.vc_custom_1453803696853{background-color: #faebdc !important;}&#8220;][mk_fancy_title color=&#8220;#7d6150&#8243; size=&#8220;36&#8243; margin_top=&#8220;80&#8243; margin_bottom=&#8220;50&#8243; font_family=&#8220;none&#8220; align=&#8220;center&#8220;]VOS H\u00d4TES[\/mk_fancy_title][mk_padding_divider size=&#8220;20&#8243;][vc_single_image image=&#8220;1453&#8243; img_size=&#8220;600 \u00d7400&#8243; alignment=&#8220;center&#8220; style=&#8220;vc_box_shadow_border&#8220;][mk_fancy_title color=&#8220;#7d6150&#8243; size=&#8220;18&#8243; font_weight=&#8220;bold&#8220; font_family=&#8220;none&#8220;]Vos H\u00f4tes\u00a0:[\/mk_fancy_title][mk_fancy_title color=&#8220;#000000&#8243; size=&#8220;16&#8243; font_family=&#8220;none&#8220; align=&#8220;center&#8220;] Vos h\u00f4tes Claudia et Olivier Hiernard sont arriv\u00e9s \u00e0 Yens [&hellip;]<\/p>\n","protected":false},"author":1,"featured_media":0,"parent":0,"menu_order":0,"comment_status":"closed","ping_status":"closed","template":"","meta":{"footnotes":""},"class_list":["post-426","page","type-page","status-publish","hentry"],"yoast_head":"<!-- This site is optimized with the Yoast SEO plugin v27.4 - https:\/\/yoast.com\/product\/yoast-seo-wordpress\/ -->\n<title>La Croix d&#039;Or | Restaurant Gastronomique proche d&#039;Aubonne<\/title>\n<meta name=\"description\" content=\"Le restaurant de le Croix d&#039;Or install\u00e9 dans l&#039;Auberge communale de Yens proche de Aubonne vous invite \u00e0 d\u00e9couvrir une cuisine gastronomique raffin\u00e9e.\" \/>\n<meta name=\"robots\" content=\"index, follow, max-snippet:-1, max-image-preview:large, max-video-preview:-1\" \/>\n<link rel=\"canonical\" href=\"https:\/\/auberge-communale-yens.ch\/de\/restaurant-gastronomique-proche-aubonne\/\" \/>\n<meta property=\"og:locale\" content=\"de_DE\" \/>\n<meta property=\"og:type\" content=\"article\" \/>\n<meta property=\"og:title\" content=\"La Croix d&#039;Or | Restaurant Gastronomique proche d&#039;Aubonne\" \/>\n<meta property=\"og:description\" content=\"Le restaurant de le Croix d&#039;Or install\u00e9 dans l&#039;Auberge communale de Yens proche de Aubonne vous invite \u00e0 d\u00e9couvrir une cuisine gastronomique raffin\u00e9e.\" \/>\n<meta property=\"og:url\" content=\"https:\/\/auberge-communale-yens.ch\/de\/restaurant-gastronomique-proche-aubonne\/\" \/>\n<meta property=\"og:site_name\" content=\"Auberge de la Croix d&#039;Or | Restaurant gastronomique Morges\" \/>\n<meta property=\"article:modified_time\" content=\"2022-02-02T08:31:43+00:00\" \/>\n<meta name=\"twitter:card\" content=\"summary_large_image\" \/>\n<meta name=\"twitter:label1\" content=\"Gesch\u00e4tzte Lesezeit\" \/>\n\t<meta name=\"twitter:data1\" content=\"2\u00a0Minuten\" \/>\n<script type=\"application\/ld+json\" class=\"yoast-schema-graph\">{\"@context\":\"https:\\\/\\\/schema.org\",\"@graph\":[{\"@type\":\"WebPage\",\"@id\":\"https:\\\/\\\/auberge-communale-yens.ch\\\/de\\\/restaurant-gastronomique-proche-aubonne\\\/\",\"url\":\"https:\\\/\\\/auberge-communale-yens.ch\\\/de\\\/restaurant-gastronomique-proche-aubonne\\\/\",\"name\":\"La Croix d'Or | Restaurant Gastronomique proche d'Aubonne\",\"isPartOf\":{\"@id\":\"https:\\\/\\\/auberge-communale-yens.ch\\\/#website\"},\"datePublished\":\"2016-01-19T00:27:08+00:00\",\"dateModified\":\"2022-02-02T08:31:43+00:00\",\"description\":\"Le restaurant de le Croix d'Or install\u00e9 dans l'Auberge communale de Yens proche de Aubonne vous invite \u00e0 d\u00e9couvrir une cuisine gastronomique raffin\u00e9e.\",\"breadcrumb\":{\"@id\":\"https:\\\/\\\/auberge-communale-yens.ch\\\/de\\\/restaurant-gastronomique-proche-aubonne\\\/#breadcrumb\"},\"inLanguage\":\"de\",\"potentialAction\":[{\"@type\":\"ReadAction\",\"target\":[\"https:\\\/\\\/auberge-communale-yens.ch\\\/de\\\/restaurant-gastronomique-proche-aubonne\\\/\"]}]},{\"@type\":\"BreadcrumbList\",\"@id\":\"https:\\\/\\\/auberge-communale-yens.ch\\\/de\\\/restaurant-gastronomique-proche-aubonne\\\/#breadcrumb\",\"itemListElement\":[{\"@type\":\"ListItem\",\"position\":1,\"name\":\"Accueil\",\"item\":\"https:\\\/\\\/auberge-communale-yens.ch\\\/de\\\/\"},{\"@type\":\"ListItem\",\"position\":2,\"name\":\"VOS HOTES\"}]},{\"@type\":\"WebSite\",\"@id\":\"https:\\\/\\\/auberge-communale-yens.ch\\\/#website\",\"url\":\"https:\\\/\\\/auberge-communale-yens.ch\\\/\",\"name\":\"Auberge de la Croix d&#039;Or | Restaurant gastronomique Morges\",\"description\":\"L&#039;Auberge de la Croix d&#039;Or \u00e0 Yens proche de Morges vous propose un espace restaurant gastronomique pour d\u00e9couvrir une cuisine savoureuse et de saison.\",\"publisher\":{\"@id\":\"https:\\\/\\\/auberge-communale-yens.ch\\\/#organization\"},\"potentialAction\":[{\"@type\":\"SearchAction\",\"target\":{\"@type\":\"EntryPoint\",\"urlTemplate\":\"https:\\\/\\\/auberge-communale-yens.ch\\\/?s={search_term_string}\"},\"query-input\":{\"@type\":\"PropertyValueSpecification\",\"valueRequired\":true,\"valueName\":\"search_term_string\"}}],\"inLanguage\":\"de\"},{\"@type\":\"Organization\",\"@id\":\"https:\\\/\\\/auberge-communale-yens.ch\\\/#organization\",\"name\":\"Auberge de la Croix d'Or\",\"url\":\"https:\\\/\\\/auberge-communale-yens.ch\\\/\",\"logo\":{\"@type\":\"ImageObject\",\"inLanguage\":\"de\",\"@id\":\"https:\\\/\\\/auberge-communale-yens.ch\\\/#\\\/schema\\\/logo\\\/image\\\/\",\"url\":\"https:\\\/\\\/auberge-communale-yens.ch\\\/wp-content\\\/uploads\\\/2016\\\/01\\\/logo-410x194.png\",\"contentUrl\":\"https:\\\/\\\/auberge-communale-yens.ch\\\/wp-content\\\/uploads\\\/2016\\\/01\\\/logo-410x194.png\",\"width\":410,\"height\":194,\"caption\":\"Auberge de la Croix d'Or\"},\"image\":{\"@id\":\"https:\\\/\\\/auberge-communale-yens.ch\\\/#\\\/schema\\\/logo\\\/image\\\/\"}}]}<\/script>\n<!-- \/ Yoast SEO plugin. -->","yoast_head_json":{"title":"La Croix d'Or | Restaurant Gastronomique proche d'Aubonne","description":"Le restaurant de le Croix d'Or install\u00e9 dans l'Auberge communale de Yens proche de Aubonne vous invite \u00e0 d\u00e9couvrir une cuisine gastronomique raffin\u00e9e.","robots":{"index":"index","follow":"follow","max-snippet":"max-snippet:-1","max-image-preview":"max-image-preview:large","max-video-preview":"max-video-preview:-1"},"canonical":"https:\/\/auberge-communale-yens.ch\/de\/restaurant-gastronomique-proche-aubonne\/","og_locale":"de_DE","og_type":"article","og_title":"La Croix d'Or | Restaurant Gastronomique proche d'Aubonne","og_description":"Le restaurant de le Croix d'Or install\u00e9 dans l'Auberge communale de Yens proche de Aubonne vous invite \u00e0 d\u00e9couvrir une cuisine gastronomique raffin\u00e9e.","og_url":"https:\/\/auberge-communale-yens.ch\/de\/restaurant-gastronomique-proche-aubonne\/","og_site_name":"Auberge de la Croix d&#039;Or | Restaurant gastronomique Morges","article_modified_time":"2022-02-02T08:31:43+00:00","twitter_card":"summary_large_image","twitter_misc":{"Gesch\u00e4tzte Lesezeit":"2\u00a0Minuten"},"schema":{"@context":"https:\/\/schema.org","@graph":[{"@type":"WebPage","@id":"https:\/\/auberge-communale-yens.ch\/de\/restaurant-gastronomique-proche-aubonne\/","url":"https:\/\/auberge-communale-yens.ch\/de\/restaurant-gastronomique-proche-aubonne\/","name":"La Croix d'Or | Restaurant Gastronomique proche d'Aubonne","isPartOf":{"@id":"https:\/\/auberge-communale-yens.ch\/#website"},"datePublished":"2016-01-19T00:27:08+00:00","dateModified":"2022-02-02T08:31:43+00:00","description":"Le restaurant de le Croix d'Or install\u00e9 dans l'Auberge communale de Yens proche de Aubonne vous invite \u00e0 d\u00e9couvrir une cuisine gastronomique raffin\u00e9e.","breadcrumb":{"@id":"https:\/\/auberge-communale-yens.ch\/de\/restaurant-gastronomique-proche-aubonne\/#breadcrumb"},"inLanguage":"de","potentialAction":[{"@type":"ReadAction","target":["https:\/\/auberge-communale-yens.ch\/de\/restaurant-gastronomique-proche-aubonne\/"]}]},{"@type":"BreadcrumbList","@id":"https:\/\/auberge-communale-yens.ch\/de\/restaurant-gastronomique-proche-aubonne\/#breadcrumb","itemListElement":[{"@type":"ListItem","position":1,"name":"Accueil","item":"https:\/\/auberge-communale-yens.ch\/de\/"},{"@type":"ListItem","position":2,"name":"VOS HOTES"}]},{"@type":"WebSite","@id":"https:\/\/auberge-communale-yens.ch\/#website","url":"https:\/\/auberge-communale-yens.ch\/","name":"Auberge de la Croix d&#039;Or | Restaurant gastronomique Morges","description":"L&#039;Auberge de la Croix d&#039;Or \u00e0 Yens proche de Morges vous propose un espace restaurant gastronomique pour d\u00e9couvrir une cuisine savoureuse et de saison.","publisher":{"@id":"https:\/\/auberge-communale-yens.ch\/#organization"},"potentialAction":[{"@type":"SearchAction","target":{"@type":"EntryPoint","urlTemplate":"https:\/\/auberge-communale-yens.ch\/?s={search_term_string}"},"query-input":{"@type":"PropertyValueSpecification","valueRequired":true,"valueName":"search_term_string"}}],"inLanguage":"de"},{"@type":"Organization","@id":"https:\/\/auberge-communale-yens.ch\/#organization","name":"Auberge de la Croix d'Or","url":"https:\/\/auberge-communale-yens.ch\/","logo":{"@type":"ImageObject","inLanguage":"de","@id":"https:\/\/auberge-communale-yens.ch\/#\/schema\/logo\/image\/","url":"https:\/\/auberge-communale-yens.ch\/wp-content\/uploads\/2016\/01\/logo-410x194.png","contentUrl":"https:\/\/auberge-communale-yens.ch\/wp-content\/uploads\/2016\/01\/logo-410x194.png","width":410,"height":194,"caption":"Auberge de la Croix d'Or"},"image":{"@id":"https:\/\/auberge-communale-yens.ch\/#\/schema\/logo\/image\/"}}]}},"_links":{"self":[{"href":"https:\/\/auberge-communale-yens.ch\/de\/wp-json\/wp\/v2\/pages\/426","targetHints":{"allow":["GET"]}}],"collection":[{"href":"https:\/\/auberge-communale-yens.ch\/de\/wp-json\/wp\/v2\/pages"}],"about":[{"href":"https:\/\/auberge-communale-yens.ch\/de\/wp-json\/wp\/v2\/types\/page"}],"author":[{"embeddable":true,"href":"https:\/\/auberge-communale-yens.ch\/de\/wp-json\/wp\/v2\/users\/1"}],"replies":[{"embeddable":true,"href":"https:\/\/auberge-communale-yens.ch\/de\/wp-json\/wp\/v2\/comments?post=426"}],"version-history":[{"count":7,"href":"https:\/\/auberge-communale-yens.ch\/de\/wp-json\/wp\/v2\/pages\/426\/revisions"}],"predecessor-version":[{"id":1576,"href":"https:\/\/auberge-communale-yens.ch\/de\/wp-json\/wp\/v2\/pages\/426\/revisions\/1576"}],"wp:attachment":[{"href":"https:\/\/auberge-communale-yens.ch\/de\/wp-json\/wp\/v2\/media?parent=426"}],"curies":[{"name":"wp","href":"https:\/\/api.w.org\/{rel}","templated":true}]}}