{"id":823,"date":"2016-01-19T02:18:51","date_gmt":"2016-01-19T01:18:51","guid":{"rendered":"https:\/\/auberge-communale-yens.ch\/restaurant-chasse-aubonne\/?lang=de"},"modified":"2025-01-25T12:03:04","modified_gmt":"2025-01-25T11:03:04","slug":"restaurant-chasse-aubonne","status":"publish","type":"page","link":"https:\/\/auberge-communale-yens.ch\/de\/restaurant-chasse-aubonne\/","title":{"rendered":"KONTAKT"},"content":{"rendered":"<div class=\"wpb-content-wrapper\">[mk_page_section bg_image=&#8220;https:\/\/auberge-communale-yens.ch\/wp-content\/uploads\/2016\/01\/restaurant-gastronomique-vaud.jpg&#8220; attachment=&#8220;fixed&#8220; bg_position=&#8220;center center&#8220; bg_repeat=&#8220;no-repeat&#8220; bg_stretch=&#8220;true&#8220; top_shadow=&#8220;true&#8220; min_height=&#8220;500&#8243; full_height=&#8220;true&#8220; padding_top=&#8220;100&#8243; padding_bottom=&#8220;100&#8243; sidebar=&#8220;sidebar-1&#8243;][vc_column css=&#8220;.vc_custom_1455497147468{background-color: #faebdc !important;}&#8220;][mk_padding_divider visibility=&#8220;hidden-nb&#8220;][vc_row_inner][vc_column_inner css=&#8220;.vc_custom_1455497125770{background-color: #faebdc !important;}&#8220;][mk_fancy_title color=&#8220;#7d6150&#8243; size=&#8220;36&#8243; margin_top=&#8220;80&#8243; margin_bottom=&#8220;50&#8243; font_family=&#8220;none&#8220; align=&#8220;center&#8220;]KONTAKT[\/mk_fancy_title][mk_padding_divider size=&#8220;10&#8243;][\/vc_column_inner][\/vc_row_inner][vc_row_inner][vc_column_inner width=&#8220;1\/2&#8243; css=&#8220;.vc_custom_1453197195033{background-color: #faebdc !important;}&#8220;][mk_fancy_title color=&#8220;#000000&#8243; size=&#8220;16&#8243; font_family=&#8220;none&#8220;]Bitte reservieren sie 48 Stunden im voraus ihr Tisch per e-mail.[\/mk_fancy_title]\n<div class=\"wpcf7 no-js\" id=\"wpcf7-f545-o1\" lang=\"de-DE\" dir=\"ltr\" data-wpcf7-id=\"545\">\n<div class=\"screen-reader-response\"><p role=\"status\" aria-live=\"polite\" aria-atomic=\"true\"><\/p> <ul><\/ul><\/div>\n<form action=\"\/de\/wp-json\/wp\/v2\/pages\/823#wpcf7-f545-o1\" method=\"post\" class=\"wpcf7-form init wpcf7-acceptance-as-validation\" aria-label=\"Kontaktformular\" novalidate=\"novalidate\" data-status=\"init\">\n<fieldset class=\"hidden-fields-container\"><input type=\"hidden\" name=\"_wpcf7\" value=\"545\" \/><input type=\"hidden\" name=\"_wpcf7_version\" value=\"6.1.5\" \/><input type=\"hidden\" name=\"_wpcf7_locale\" value=\"de_DE\" \/><input type=\"hidden\" name=\"_wpcf7_unit_tag\" value=\"wpcf7-f545-o1\" \/><input type=\"hidden\" name=\"_wpcf7_container_post\" value=\"0\" \/><input type=\"hidden\" name=\"_wpcf7_posted_data_hash\" value=\"\" \/><input type=\"hidden\" name=\"_wpcf7_recaptcha_response\" value=\"\" \/>\n<\/fieldset>\n<p>Ihr Name (Pflichtfeld)\n<\/p>\n<p><span class=\"wpcf7-form-control-wrap\" data-name=\"your-name\"><input size=\"40\" maxlength=\"400\" class=\"wpcf7-form-control wpcf7-text wpcf7-validates-as-required\" aria-required=\"true\" aria-invalid=\"false\" value=\"\" type=\"text\" name=\"your-name\" \/><\/span>\n<\/p>\n<p>Ihre E-Mail-Adresse (Pflichtfeld)\n<\/p>\n<p><span class=\"wpcf7-form-control-wrap\" data-name=\"your-email\"><input size=\"40\" maxlength=\"400\" class=\"wpcf7-form-control wpcf7-email wpcf7-validates-as-required wpcf7-text wpcf7-validates-as-email\" aria-required=\"true\" aria-invalid=\"false\" value=\"\" type=\"email\" name=\"your-email\" \/><\/span>\n<\/p>\n<p>Ihre Telefonnummer (Pflichtfeld)\n<\/p>\n<p><span class=\"wpcf7-form-control-wrap\" data-name=\"your-tel\"><input size=\"40\" maxlength=\"400\" class=\"wpcf7-form-control wpcf7-text wpcf7-validates-as-required\" aria-required=\"true\" aria-invalid=\"false\" value=\"\" type=\"text\" name=\"your-tel\" \/><\/span>\n<\/p>\n<p>Betreff\n<\/p>\n<p><span class=\"wpcf7-form-control-wrap\" data-name=\"your-subject\"><input size=\"40\" maxlength=\"400\" class=\"wpcf7-form-control wpcf7-text\" aria-invalid=\"false\" value=\"\" type=\"text\" name=\"your-subject\" \/><\/span>\n<\/p>\n<p>Ihre Nachricht\n<\/p>\n<p><span class=\"wpcf7-form-control-wrap\" data-name=\"your-message\"><textarea cols=\"40\" rows=\"10\" maxlength=\"2000\" class=\"wpcf7-form-control wpcf7-textarea\" aria-invalid=\"false\" name=\"your-message\"><\/textarea><\/span>\n<\/p>\n<p><br \/>\n<span class=\"wpcf7-form-control-wrap\" data-name=\"cmplz-acceptance\"><span class=\"wpcf7-form-control wpcf7-acceptance\"><span class=\"wpcf7-list-item\"><label><input type=\"checkbox\" name=\"cmplz-acceptance\" value=\"1\" aria-invalid=\"false\" \/><span class=\"wpcf7-list-item-label\">Um dieses Formular abschicken zu k\u00f6nnen, m\u00fcssen Sie unsere <a href=\"\/de\/datenschutzerklaerung\/\" target=\"_blank\">Datenschutzerkl\u00e4rung<\/a> akzeptieren<\/span><\/label><\/span><\/span><\/span>\n<\/p>\n<p><input class=\"wpcf7-form-control wpcf7-submit has-spinner\" type=\"submit\" value=\"Senden\" \/>\n<\/p><div class=\"wpcf7-response-output\" aria-hidden=\"true\"><\/div>\n<\/form>\n<\/div>\n[\/vc_column_inner][vc_column_inner width=&#8220;1\/2&#8243; css=&#8220;.vc_custom_1453197209864{background-color: #faebdc !important;}&#8220;][vc_single_image image=&#8220;395&#8243; img_size=&#8220;100&#215;200&#8243; alignment=&#8220;center&#8220;][mk_fancy_title color=&#8220;#000000&#8243; size=&#8220;16&#8243; force_font_size=&#8220;true&#8220; size_smallscreen=&#8220;14&#8243; size_tablet=&#8220;14&#8243; size_phone=&#8220;12&#8243; font_family=&#8220;none&#8220; align=&#8220;center&#8220;]Auberge de la Croix d&#8217;Or<\/p>\n<p>Grand Rue, 18<\/p>\n<p>1169 Yens<\/p>\n<p>Reservation\u00a0<a href=\"tel: +41 21 800 31 08\">021 800 31 08<\/a><\/p>\n<p>Von Dienstag bis Samstag 09.00-15.00 17.30-23.00[\/mk_fancy_title][mk_padding_divider size=&#8220;100&#8243;][\/vc_column_inner][\/vc_row_inner][\/vc_column][\/mk_page_section]\n<\/div>","protected":false},"excerpt":{"rendered":"<p>[mk_page_section bg_image=&#8220;https:\/\/auberge-communale-yens.ch\/wp-content\/uploads\/2016\/01\/restaurant-gastronomique-vaud.jpg&#8220; attachment=&#8220;fixed&#8220; bg_position=&#8220;center center&#8220; bg_repeat=&#8220;no-repeat&#8220; bg_stretch=&#8220;true&#8220; top_shadow=&#8220;true&#8220; min_height=&#8220;500&#8243; full_height=&#8220;true&#8220; padding_top=&#8220;100&#8243; padding_bottom=&#8220;100&#8243; sidebar=&#8220;sidebar-1&#8243;][vc_column css=&#8220;.vc_custom_1455497147468{background-color: #faebdc !important;}&#8220;][mk_padding_divider visibility=&#8220;hidden-nb&#8220;][vc_row_inner][vc_column_inner css=&#8220;.vc_custom_1455497125770{background-color: #faebdc !important;}&#8220;][mk_fancy_title color=&#8220;#7d6150&#8243; size=&#8220;36&#8243; margin_top=&#8220;80&#8243; margin_bottom=&#8220;50&#8243; font_family=&#8220;none&#8220; align=&#8220;center&#8220;]KONTAKT[\/mk_fancy_title][mk_padding_divider size=&#8220;10&#8243;][\/vc_column_inner][\/vc_row_inner][vc_row_inner][vc_column_inner width=&#8220;1\/2&#8243; css=&#8220;.vc_custom_1453197195033{background-color: #faebdc !important;}&#8220;][mk_fancy_title color=&#8220;#000000&#8243; size=&#8220;16&#8243; font_family=&#8220;none&#8220;]Bitte reservieren sie 48 Stunden im voraus ihr Tisch per e-mail.[\/mk_fancy_title][\/vc_column_inner][vc_column_inner width=&#8220;1\/2&#8243; css=&#8220;.vc_custom_1453197209864{background-color: #faebdc !important;}&#8220;][vc_single_image image=&#8220;395&#8243; img_size=&#8220;100&#215;200&#8243; alignment=&#8220;center&#8220;][mk_fancy_title color=&#8220;#000000&#8243; size=&#8220;16&#8243; force_font_size=&#8220;true&#8220; size_smallscreen=&#8220;14&#8243; [&hellip;]<\/p>\n","protected":false},"author":1,"featured_media":0,"parent":0,"menu_order":0,"comment_status":"closed","ping_status":"closed","template":"","meta":{"footnotes":""},"class_list":["post-823","page","type-page","status-publish","hentry"],"yoast_head":"<!-- This site is optimized with the Yoast SEO plugin v27.2 - https:\/\/yoast.com\/product\/yoast-seo-wordpress\/ -->\n<title>La Croix d&#039;Or |Restaurant sp\u00e9cialit\u00e9 chasse proche d&#039;Aubonne<\/title>\n<meta name=\"description\" content=\"Le restaurant l&#039;Auberge de la Croix d&#039;Or, situ\u00e9 proche de Aubonne vous propose une cuisine gastronomique de saison avec notamment de nombreuses sp\u00e9cialit\u00e9s de la chasse.\" \/>\n<meta name=\"robots\" content=\"index, follow, max-snippet:-1, max-image-preview:large, max-video-preview:-1\" \/>\n<link rel=\"canonical\" href=\"https:\/\/auberge-communale-yens.ch\/de\/restaurant-chasse-aubonne\/\" \/>\n<meta property=\"og:locale\" content=\"de_DE\" \/>\n<meta property=\"og:type\" content=\"article\" \/>\n<meta property=\"og:title\" content=\"La Croix d&#039;Or |Restaurant sp\u00e9cialit\u00e9 chasse proche d&#039;Aubonne\" \/>\n<meta property=\"og:description\" content=\"Le restaurant l&#039;Auberge de la Croix d&#039;Or, situ\u00e9 proche de Aubonne vous propose une cuisine gastronomique de saison avec notamment de nombreuses sp\u00e9cialit\u00e9s de la chasse.\" \/>\n<meta property=\"og:url\" content=\"https:\/\/auberge-communale-yens.ch\/de\/restaurant-chasse-aubonne\/\" \/>\n<meta property=\"og:site_name\" content=\"Auberge de la Croix d&#039;Or | Restaurant gastronomique Morges\" \/>\n<meta property=\"article:modified_time\" content=\"2025-01-25T11:03:04+00:00\" \/>\n<meta name=\"twitter:card\" content=\"summary_large_image\" \/>\n<meta name=\"twitter:label1\" content=\"Gesch\u00e4tzte Lesezeit\" \/>\n\t<meta name=\"twitter:data1\" content=\"1\u00a0Minute\" \/>\n<script type=\"application\/ld+json\" class=\"yoast-schema-graph\">{\"@context\":\"https:\/\/schema.org\",\"@graph\":[{\"@type\":\"WebPage\",\"@id\":\"https:\/\/auberge-communale-yens.ch\/de\/restaurant-chasse-aubonne\/\",\"url\":\"https:\/\/auberge-communale-yens.ch\/de\/restaurant-chasse-aubonne\/\",\"name\":\"La Croix d'Or |Restaurant sp\u00e9cialit\u00e9 chasse proche d'Aubonne\",\"isPartOf\":{\"@id\":\"https:\/\/auberge-communale-yens.ch\/#website\"},\"datePublished\":\"2016-01-19T01:18:51+00:00\",\"dateModified\":\"2025-01-25T11:03:04+00:00\",\"description\":\"Le restaurant l'Auberge de la Croix d'Or, situ\u00e9 proche de Aubonne vous propose une cuisine gastronomique de saison avec notamment de nombreuses sp\u00e9cialit\u00e9s de la chasse.\",\"breadcrumb\":{\"@id\":\"https:\/\/auberge-communale-yens.ch\/de\/restaurant-chasse-aubonne\/#breadcrumb\"},\"inLanguage\":\"de\",\"potentialAction\":[{\"@type\":\"ReadAction\",\"target\":[\"https:\/\/auberge-communale-yens.ch\/de\/restaurant-chasse-aubonne\/\"]}]},{\"@type\":\"BreadcrumbList\",\"@id\":\"https:\/\/auberge-communale-yens.ch\/de\/restaurant-chasse-aubonne\/#breadcrumb\",\"itemListElement\":[{\"@type\":\"ListItem\",\"position\":1,\"name\":\"Accueil\",\"item\":\"https:\/\/auberge-communale-yens.ch\/de\/\"},{\"@type\":\"ListItem\",\"position\":2,\"name\":\"KONTAKT\"}]},{\"@type\":\"WebSite\",\"@id\":\"https:\/\/auberge-communale-yens.ch\/#website\",\"url\":\"https:\/\/auberge-communale-yens.ch\/\",\"name\":\"Auberge de la Croix d&#039;Or | Restaurant gastronomique Morges\",\"description\":\"L&#039;Auberge de la Croix d&#039;Or \u00e0 Yens proche de Morges vous propose un espace restaurant gastronomique pour d\u00e9couvrir une cuisine savoureuse et de saison.\",\"publisher\":{\"@id\":\"https:\/\/auberge-communale-yens.ch\/#organization\"},\"potentialAction\":[{\"@type\":\"SearchAction\",\"target\":{\"@type\":\"EntryPoint\",\"urlTemplate\":\"https:\/\/auberge-communale-yens.ch\/?s={search_term_string}\"},\"query-input\":{\"@type\":\"PropertyValueSpecification\",\"valueRequired\":true,\"valueName\":\"search_term_string\"}}],\"inLanguage\":\"de\"},{\"@type\":\"Organization\",\"@id\":\"https:\/\/auberge-communale-yens.ch\/#organization\",\"name\":\"Auberge de la Croix d'Or\",\"url\":\"https:\/\/auberge-communale-yens.ch\/\",\"logo\":{\"@type\":\"ImageObject\",\"inLanguage\":\"de\",\"@id\":\"https:\/\/auberge-communale-yens.ch\/#\/schema\/logo\/image\/\",\"url\":\"https:\/\/auberge-communale-yens.ch\/wp-content\/uploads\/2016\/01\/logo-410x194.png\",\"contentUrl\":\"https:\/\/auberge-communale-yens.ch\/wp-content\/uploads\/2016\/01\/logo-410x194.png\",\"width\":410,\"height\":194,\"caption\":\"Auberge de la Croix d'Or\"},\"image\":{\"@id\":\"https:\/\/auberge-communale-yens.ch\/#\/schema\/logo\/image\/\"}}]}<\/script>\n<!-- \/ Yoast SEO plugin. -->","yoast_head_json":{"title":"La Croix d'Or |Restaurant sp\u00e9cialit\u00e9 chasse proche d'Aubonne","description":"Le restaurant l'Auberge de la Croix d'Or, situ\u00e9 proche de Aubonne vous propose une cuisine gastronomique de saison avec notamment de nombreuses sp\u00e9cialit\u00e9s de la chasse.","robots":{"index":"index","follow":"follow","max-snippet":"max-snippet:-1","max-image-preview":"max-image-preview:large","max-video-preview":"max-video-preview:-1"},"canonical":"https:\/\/auberge-communale-yens.ch\/de\/restaurant-chasse-aubonne\/","og_locale":"de_DE","og_type":"article","og_title":"La Croix d'Or |Restaurant sp\u00e9cialit\u00e9 chasse proche d'Aubonne","og_description":"Le restaurant l'Auberge de la Croix d'Or, situ\u00e9 proche de Aubonne vous propose une cuisine gastronomique de saison avec notamment de nombreuses sp\u00e9cialit\u00e9s de la chasse.","og_url":"https:\/\/auberge-communale-yens.ch\/de\/restaurant-chasse-aubonne\/","og_site_name":"Auberge de la Croix d&#039;Or | Restaurant gastronomique Morges","article_modified_time":"2025-01-25T11:03:04+00:00","twitter_card":"summary_large_image","twitter_misc":{"Gesch\u00e4tzte Lesezeit":"1\u00a0Minute"},"schema":{"@context":"https:\/\/schema.org","@graph":[{"@type":"WebPage","@id":"https:\/\/auberge-communale-yens.ch\/de\/restaurant-chasse-aubonne\/","url":"https:\/\/auberge-communale-yens.ch\/de\/restaurant-chasse-aubonne\/","name":"La Croix d'Or |Restaurant sp\u00e9cialit\u00e9 chasse proche d'Aubonne","isPartOf":{"@id":"https:\/\/auberge-communale-yens.ch\/#website"},"datePublished":"2016-01-19T01:18:51+00:00","dateModified":"2025-01-25T11:03:04+00:00","description":"Le restaurant l'Auberge de la Croix d'Or, situ\u00e9 proche de Aubonne vous propose une cuisine gastronomique de saison avec notamment de nombreuses sp\u00e9cialit\u00e9s de la chasse.","breadcrumb":{"@id":"https:\/\/auberge-communale-yens.ch\/de\/restaurant-chasse-aubonne\/#breadcrumb"},"inLanguage":"de","potentialAction":[{"@type":"ReadAction","target":["https:\/\/auberge-communale-yens.ch\/de\/restaurant-chasse-aubonne\/"]}]},{"@type":"BreadcrumbList","@id":"https:\/\/auberge-communale-yens.ch\/de\/restaurant-chasse-aubonne\/#breadcrumb","itemListElement":[{"@type":"ListItem","position":1,"name":"Accueil","item":"https:\/\/auberge-communale-yens.ch\/de\/"},{"@type":"ListItem","position":2,"name":"KONTAKT"}]},{"@type":"WebSite","@id":"https:\/\/auberge-communale-yens.ch\/#website","url":"https:\/\/auberge-communale-yens.ch\/","name":"Auberge de la Croix d&#039;Or | Restaurant gastronomique Morges","description":"L&#039;Auberge de la Croix d&#039;Or \u00e0 Yens proche de Morges vous propose un espace restaurant gastronomique pour d\u00e9couvrir une cuisine savoureuse et de saison.","publisher":{"@id":"https:\/\/auberge-communale-yens.ch\/#organization"},"potentialAction":[{"@type":"SearchAction","target":{"@type":"EntryPoint","urlTemplate":"https:\/\/auberge-communale-yens.ch\/?s={search_term_string}"},"query-input":{"@type":"PropertyValueSpecification","valueRequired":true,"valueName":"search_term_string"}}],"inLanguage":"de"},{"@type":"Organization","@id":"https:\/\/auberge-communale-yens.ch\/#organization","name":"Auberge de la Croix d'Or","url":"https:\/\/auberge-communale-yens.ch\/","logo":{"@type":"ImageObject","inLanguage":"de","@id":"https:\/\/auberge-communale-yens.ch\/#\/schema\/logo\/image\/","url":"https:\/\/auberge-communale-yens.ch\/wp-content\/uploads\/2016\/01\/logo-410x194.png","contentUrl":"https:\/\/auberge-communale-yens.ch\/wp-content\/uploads\/2016\/01\/logo-410x194.png","width":410,"height":194,"caption":"Auberge de la Croix d'Or"},"image":{"@id":"https:\/\/auberge-communale-yens.ch\/#\/schema\/logo\/image\/"}}]}},"_links":{"self":[{"href":"https:\/\/auberge-communale-yens.ch\/de\/wp-json\/wp\/v2\/pages\/823","targetHints":{"allow":["GET"]}}],"collection":[{"href":"https:\/\/auberge-communale-yens.ch\/de\/wp-json\/wp\/v2\/pages"}],"about":[{"href":"https:\/\/auberge-communale-yens.ch\/de\/wp-json\/wp\/v2\/types\/page"}],"author":[{"embeddable":true,"href":"https:\/\/auberge-communale-yens.ch\/de\/wp-json\/wp\/v2\/users\/1"}],"replies":[{"embeddable":true,"href":"https:\/\/auberge-communale-yens.ch\/de\/wp-json\/wp\/v2\/comments?post=823"}],"version-history":[{"count":15,"href":"https:\/\/auberge-communale-yens.ch\/de\/wp-json\/wp\/v2\/pages\/823\/revisions"}],"predecessor-version":[{"id":1765,"href":"https:\/\/auberge-communale-yens.ch\/de\/wp-json\/wp\/v2\/pages\/823\/revisions\/1765"}],"wp:attachment":[{"href":"https:\/\/auberge-communale-yens.ch\/de\/wp-json\/wp\/v2\/media?parent=823"}],"curies":[{"name":"wp","href":"https:\/\/api.w.org\/{rel}","templated":true}]}}